{"id":57,"date":"2013-12-01T00:35:12","date_gmt":"2013-12-01T00:35:12","guid":{"rendered":"http:\/\/www.csuweb.de\/?page_id=57"},"modified":"2014-09-22T08:28:20","modified_gmt":"2014-09-22T08:28:20","slug":"seite-2","status":"publish","type":"page","link":"http:\/\/www.csu-flachslanden.de\/","title":{"rendered":"<h1><em><strong><span style=\"color: #339966;\">WILLKOMMEN<\/span><\/strong><\/em><\/h1>"},"content":{"rendered":"<h4><em>Wir sind der Ortsverband-Flachslanden der gro\u00dfen Volkspartei in Bayern, die in fast 3.000 St\u00e4dten und Gemeinden im Freistaat fest verwurzelt ist. \u00dcberall in ganz Bayern engagieren sich politisch interessierte Menschen in der CSU und tragen zum einzigartigen Erfolg Bayerns bei.<\/em><\/h4>\n<h4><em>Hier m\u00f6chten wir &#8211; die CSU in Flachslanden- uns vorstellen und informieren \u00fcber unsere politische Arbeit vor Ort.<\/em><\/h4>\n<h4><em>Wir informieren hier \u00fcber wichtige Termine und Informationen \u00fcber das politische Geschehen in Flachslanden.<\/em><\/h4>\n<h4><em>Es kann uns jeder direkt anschreiben und uns seine W\u00fcnsche oder Vorschl\u00e4ge mitteilen.<\/em><\/h4>\n<h4><em>Hier geben wir den B\u00fcrgerinnen und B\u00fcrgern aus der Marktgemeinde Flachslanden die M\u00f6glichkeit sich zu aktuellen Problemen zu \u00e4u\u00dfern bzw. Stellung zu beziehen.<br \/>\nWir m\u00f6chten, aufgeschlossene Freunde finden und \u00fcber aktuelle Themen diskutieren.<\/em><\/h4>\n<h4><em><strong>\u00dcberzeugt Euch von unserer Politik &#8222;N\u00e4her am Menschen&#8220;.<\/strong><\/em><\/h4>\n<p><a href=\"http:\/\/5444580.swh.strato-hosting.eu\/CSU\/wordpress\/wp-content\/uploads\/2013\/12\/Flaggen-2.jpg\"><img decoding=\"async\" src=\"http:\/\/5444580.swh.strato-hosting.eu\/CSU\/wordpress\/wp-content\/uploads\/2013\/12\/Flaggen-2.jpg\" alt=\"Flaggen-2\" width=\"100%\" height=\"167\" \/><\/a><\/p>\n<h3><\/h3>\n<h3><\/h3>\n<h3><\/h3>\n<h3><\/h3>\n<h3><\/h3>\n<h3><em>Wir freuen uns auf Dich<\/em><em> !<\/em><\/h3>\n<p><em><strong>Mach bei uns mit und gestalte Deine Heimat und die Zukunft mit uns<\/strong><strong> !<\/strong><\/em><\/p>\n<p>&nbsp;<\/p>\n<p>&nbsp;<\/p>\n<p>&nbsp;<\/p>\n<p>&nbsp;<\/p>\n<p>&nbsp;<\/p>\n","protected":false},"excerpt":{"rendered":"<p>Wir sind der Ortsverband-Flachslanden der gro\u00dfen Volkspartei in Bayern, die in fast 3.000 St\u00e4dten und Gemeinden im Freistaat fest verwurzelt ist. \u00dcberall in ganz Bayern&hellip;<\/p>\n","protected":false},"author":1,"featured_media":0,"parent":0,"menu_order":0,"comment_status":"closed","ping_status":"closed","template":"","meta":{"_crdt_document":"","footnotes":""},"class_list":["post-57","page","type-page","status-publish","hentry"],"_links":{"self":[{"href":"http:\/\/www.csu-flachslanden.de\/index.php?rest_route=\/wp\/v2\/pages\/57","targetHints":{"allow":["GET"]}}],"collection":[{"href":"http:\/\/www.csu-flachslanden.de\/index.php?rest_route=\/wp\/v2\/pages"}],"about":[{"href":"http:\/\/www.csu-flachslanden.de\/index.php?rest_route=\/wp\/v2\/types\/page"}],"author":[{"embeddable":true,"href":"http:\/\/www.csu-flachslanden.de\/index.php?rest_route=\/wp\/v2\/users\/1"}],"replies":[{"embeddable":true,"href":"http:\/\/www.csu-flachslanden.de\/index.php?rest_route=%2Fwp%2Fv2%2Fcomments&post=57"}],"version-history":[{"count":25,"href":"http:\/\/www.csu-flachslanden.de\/index.php?rest_route=\/wp\/v2\/pages\/57\/revisions"}],"predecessor-version":[{"id":638,"href":"http:\/\/www.csu-flachslanden.de\/index.php?rest_route=\/wp\/v2\/pages\/57\/revisions\/638"}],"wp:attachment":[{"href":"http:\/\/www.csu-flachslanden.de\/index.php?rest_route=%2Fwp%2Fv2%2Fmedia&parent=57"}],"curies":[{"name":"wp","href":"https:\/\/api.w.org\/{rel}","templated":true}]}}